{"id":768,"date":"2021-07-06T04:48:19","date_gmt":"2021-07-06T04:48:19","guid":{"rendered":"https:\/\/stage.startertemplatecloud.com\/g11\/?page_id=768"},"modified":"2024-03-04T20:52:19","modified_gmt":"2024-03-04T20:52:19","slug":"sobre","status":"publish","type":"page","link":"https:\/\/raonio.com.br\/flowmusic\/sobre\/","title":{"rendered":"Sobre n\u00f3s"},"content":{"rendered":"<style>.kb-row-layout-id768_90e3cc-3f > .kt-row-column-wrap{align-content:center;}:where(.kb-row-layout-id768_90e3cc-3f > .kt-row-column-wrap) > .wp-block-kadence-column{justify-content:center;}.kb-row-layout-id768_90e3cc-3f > .kt-row-column-wrap{column-gap:var(--global-kb-gap-none, 0rem );row-gap:var(--global-kb-gap-md, 2rem);max-width:var( --global-content-width, 1290px );padding-left:var(--global-content-edge-padding);padding-right:var(--global-content-edge-padding);padding-top:var(--global-kb-spacing-4xl, 8rem);padding-bottom:var(--global-kb-spacing-xxl, 5rem);grid-template-columns:minmax(0, calc(40.7% - ((var(--global-kb-gap-none, 0rem ) * 1 )\/2)))minmax(0, calc(59.3% - ((var(--global-kb-gap-none, 0rem ) * 1 )\/2)));}.kb-row-layout-id768_90e3cc-3f > .kt-row-layout-overlay{opacity:0.30;}@media all and (max-width: 1024px){.kb-row-layout-id768_90e3cc-3f > .kt-row-column-wrap{grid-template-columns:minmax(0, 1fr);}}@media all and (max-width: 1024px){.kb-row-layout-id768_90e3cc-3f > .kt-row-column-wrap > .wp-block-kadence-column:nth-child(1 of *:not(style)){order:2;}}@media all and (max-width: 1024px){.kb-row-layout-id768_90e3cc-3f > .kt-row-column-wrap > .wp-block-kadence-column:nth-child(2 of *:not(style)){order:1;}}@media all and (max-width: 1024px){.kb-row-layout-id768_90e3cc-3f > .kt-row-column-wrap > .wp-block-kadence-column:nth-child(3 of *:not(style)){order:12;}}@media all and (max-width: 1024px){.kb-row-layout-id768_90e3cc-3f > .kt-row-column-wrap > .wp-block-kadence-column:nth-child(4 of *:not(style)){order:11;}}@media all and (max-width: 1024px){.kb-row-layout-id768_90e3cc-3f > .kt-row-column-wrap > .wp-block-kadence-column:nth-child(5 of *:not(style)){order:22;}}@media all and (max-width: 1024px){.kb-row-layout-id768_90e3cc-3f > .kt-row-column-wrap > .wp-block-kadence-column:nth-child(6 of *:not(style)){order:21;}}@media all and (max-width: 1024px){.kb-row-layout-id768_90e3cc-3f > .kt-row-column-wrap > .wp-block-kadence-column:nth-child(7 of *:not(style)){order:32;}}@media all and (max-width: 1024px){.kb-row-layout-id768_90e3cc-3f > .kt-row-column-wrap > .wp-block-kadence-column:nth-child(8 of *:not(style)){order:31;}}@media all and (max-width: 767px){.kb-row-layout-id768_90e3cc-3f > .kt-row-column-wrap{grid-template-columns:minmax(0, 1fr);}.kb-row-layout-id768_90e3cc-3f > .kt-row-column-wrap > .wp-block-kadence-column:nth-child(1 of *:not(style)){order:2;}.kb-row-layout-id768_90e3cc-3f > .kt-row-column-wrap > .wp-block-kadence-column:nth-child(2 of *:not(style)){order:1;}.kb-row-layout-id768_90e3cc-3f > .kt-row-column-wrap > .wp-block-kadence-column:nth-child(3 of *:not(style)){order:12;}.kb-row-layout-id768_90e3cc-3f > .kt-row-column-wrap > .wp-block-kadence-column:nth-child(4 of *:not(style)){order:11;}.kb-row-layout-id768_90e3cc-3f > .kt-row-column-wrap > .wp-block-kadence-column:nth-child(5 of *:not(style)){order:22;}.kb-row-layout-id768_90e3cc-3f > .kt-row-column-wrap > .wp-block-kadence-column:nth-child(6 of *:not(style)){order:21;}.kb-row-layout-id768_90e3cc-3f > .kt-row-column-wrap > .wp-block-kadence-column:nth-child(7 of *:not(style)){order:32;}.kb-row-layout-id768_90e3cc-3f > .kt-row-column-wrap > .wp-block-kadence-column:nth-child(8 of *:not(style)){order:31;}}<\/style><div class=\"kb-row-layout-wrap kb-row-layout-id768_90e3cc-3f alignfull has-theme-palette4-background-color kt-row-has-bg wp-block-kadence-rowlayout\"><div class=\"kt-row-column-wrap kt-has-2-columns kt-row-layout-equal kt-tab-layout-row kt-mobile-layout-row kt-row-valign-middle kb-theme-content-width\">\n<style>.kadence-column768_4dc5d7-60 > .kt-inside-inner-col,.kadence-column768_4dc5d7-60 > .kt-inside-inner-col:before{border-top-left-radius:0px;border-top-right-radius:0px;border-bottom-right-radius:0px;border-bottom-left-radius:0px;}.kadence-column768_4dc5d7-60 > .kt-inside-inner-col{column-gap:var(--global-kb-gap-sm, 1rem);}.kadence-column768_4dc5d7-60 > .kt-inside-inner-col{flex-direction:column;}.kadence-column768_4dc5d7-60 > .kt-inside-inner-col > .aligncenter{width:100%;}.kadence-column768_4dc5d7-60 > .kt-inside-inner-col:before{opacity:0.3;}.kadence-column768_4dc5d7-60{position:relative;}.kadence-column768_4dc5d7-60, .kt-inside-inner-col > .kadence-column768_4dc5d7-60:not(.specificity){margin-top:0px;margin-right:0px;margin-bottom:0px;margin-left:0px;}@media all and (max-width: 1024px){.kadence-column768_4dc5d7-60 > .kt-inside-inner-col{padding-right:var(--global-kb-spacing-xs, 1rem);padding-left:var(--global-kb-spacing-xs, 1rem);flex-direction:column;justify-content:center;}}@media all and (max-width: 767px){.kadence-column768_4dc5d7-60 > .kt-inside-inner-col{padding-right:var(--global-kb-spacing-xxs, 0.5rem);padding-left:var(--global-kb-spacing-xxs, 0.5rem);flex-direction:column;justify-content:center;}}<\/style>\n<div class=\"wp-block-kadence-column kadence-column768_4dc5d7-60 inner-column-1\"><div class=\"kt-inside-inner-col\"><style>.kb-image768_c25537-3a .kb-image-has-overlay:after{opacity:0.3;}<\/style>\n<figure class=\"wp-block-kadence-image kb-image768_c25537-3a size-large kb-image-is-ratio-size\"><div class=\"kb-is-ratio-image kb-image-ratio-square\"><img loading=\"lazy\" decoding=\"async\" width=\"1024\" height=\"1002\" src=\"https:\/\/raonio.com.br\/flowmusic\/wp-content\/uploads\/2024\/03\/MG_8806-1024x1002.jpg\" alt=\"\" class=\"kb-img wp-image-1725\" srcset=\"https:\/\/raonio.com.br\/flowmusic\/wp-content\/uploads\/2024\/03\/MG_8806-1024x1002.jpg 1024w, https:\/\/raonio.com.br\/flowmusic\/wp-content\/uploads\/2024\/03\/MG_8806-300x293.jpg 300w, https:\/\/raonio.com.br\/flowmusic\/wp-content\/uploads\/2024\/03\/MG_8806-768x751.jpg 768w\" sizes=\"auto, (max-width: 1024px) 100vw, 1024px\" \/><\/div><\/figure>\n<\/div><\/div>\n\n\n<style>.kadence-column768_9ddf47-52 > .kt-inside-inner-col,.kadence-column768_9ddf47-52 > .kt-inside-inner-col:before{border-top-left-radius:0px;border-top-right-radius:0px;border-bottom-right-radius:0px;border-bottom-left-radius:0px;}.kadence-column768_9ddf47-52 > .kt-inside-inner-col{column-gap:var(--global-kb-gap-sm, 1rem);}.kadence-column768_9ddf47-52 > .kt-inside-inner-col{flex-direction:column;}.kadence-column768_9ddf47-52 > .kt-inside-inner-col > .aligncenter{width:100%;}.kadence-column768_9ddf47-52 > .kt-inside-inner-col:before{opacity:0.3;}.kadence-column768_9ddf47-52{position:relative;}.kadence-column768_9ddf47-52, .kt-inside-inner-col > .kadence-column768_9ddf47-52:not(.specificity){margin-left:var(--global-kb-spacing-xxl, 5rem);}@media all and (max-width: 1024px){.kadence-column768_9ddf47-52 > .kt-inside-inner-col{padding-right:var(--global-kb-spacing-3xl, 6.5rem);padding-left:var(--global-kb-spacing-3xl, 6.5rem);flex-direction:column;justify-content:center;}}@media all and (max-width: 1024px){.kadence-column768_9ddf47-52, .kt-inside-inner-col > .kadence-column768_9ddf47-52:not(.specificity){margin-right:0px;margin-bottom:var(--global-kb-spacing-md, 2rem);margin-left:0px;}}@media all and (max-width: 767px){.kadence-column768_9ddf47-52 > .kt-inside-inner-col{padding-right:var(--global-kb-spacing-xxs, 0.5rem);padding-left:var(--global-kb-spacing-xxs, 0.5rem);flex-direction:column;justify-content:center;}}<\/style>\n<div class=\"wp-block-kadence-column kadence-column768_9ddf47-52 inner-column-2\"><div class=\"kt-inside-inner-col\"><style>.wp-block-kadence-advancedheading.kt-adv-heading768_82193e-11, .wp-block-kadence-advancedheading.kt-adv-heading768_82193e-11[data-kb-block=\"kb-adv-heading768_82193e-11\"]{margin-top:0px;margin-bottom:var(--global-kb-spacing-sm, 1.5rem);line-height:1.1;font-weight:500;font-style:normal;}.wp-block-kadence-advancedheading.kt-adv-heading768_82193e-11 mark.kt-highlight, .wp-block-kadence-advancedheading.kt-adv-heading768_82193e-11[data-kb-block=\"kb-adv-heading768_82193e-11\"] mark.kt-highlight{font-style:normal;color:#f76a0c;-webkit-box-decoration-break:clone;box-decoration-break:clone;padding-top:0px;padding-right:0px;padding-bottom:0px;padding-left:0px;}.wp-block-kadence-advancedheading.kt-adv-heading768_82193e-11 img.kb-inline-image, .wp-block-kadence-advancedheading.kt-adv-heading768_82193e-11[data-kb-block=\"kb-adv-heading768_82193e-11\"] img.kb-inline-image{width:150px;vertical-align:baseline;}<\/style>\n<div class=\"kt-adv-heading768_82193e-11 wp-block-kadence-advancedheading has-theme-palette-1-color has-text-color\" data-kb-block=\"kb-adv-heading768_82193e-11\">O que \u00e9 a FLOW Music Eventos<\/div>\n\n\n<style>.wp-block-kadence-advancedheading.kt-adv-heading768_ffa7d6-db, .wp-block-kadence-advancedheading.kt-adv-heading768_ffa7d6-db[data-kb-block=\"kb-adv-heading768_ffa7d6-db\"]{margin-top:0px;margin-bottom:var(--global-kb-spacing-sm, 1.5rem);font-size:var(--global-kb-font-size-lg, 2rem);line-height:1.3;font-style:normal;text-transform:none;}.wp-block-kadence-advancedheading.kt-adv-heading768_ffa7d6-db mark.kt-highlight, .wp-block-kadence-advancedheading.kt-adv-heading768_ffa7d6-db[data-kb-block=\"kb-adv-heading768_ffa7d6-db\"] mark.kt-highlight{font-style:normal;color:#f76a0c;-webkit-box-decoration-break:clone;box-decoration-break:clone;padding-top:0px;padding-right:0px;padding-bottom:0px;padding-left:0px;}.wp-block-kadence-advancedheading.kt-adv-heading768_ffa7d6-db img.kb-inline-image, .wp-block-kadence-advancedheading.kt-adv-heading768_ffa7d6-db[data-kb-block=\"kb-adv-heading768_ffa7d6-db\"] img.kb-inline-image{width:150px;vertical-align:baseline;}<\/style>\n<h3 class=\"kt-adv-heading768_ffa7d6-db wp-block-kadence-advancedheading has-theme-palette-9-color has-text-color\" data-kb-block=\"kb-adv-heading768_ffa7d6-db\">Uma jornada musical \u00fanica para o seu evento!<\/h3>\n\n\n\n<p class=\"has-theme-palette-9-color has-text-color has-link-color wp-elements-cc1b864f511a7b00dc127a715df216eb\">Mergulhamos no universo sonoro para transformar cada evento em uma experi\u00eancia verdadeiramente inesquec\u00edvel. Com uma paleta diversificada que abrange desde jazz suave at\u00e9 batidas eletrizantes de rock, oferecemos uma sele\u00e7\u00e3o de op\u00e7\u00f5es musicais para atender a todos os gostos e ocasi\u00f5es.<\/p>\n\n\n\n<p class=\"has-theme-palette-9-color has-text-color has-link-color wp-elements-38efa141bb63586a6753aba7f0b56d17\">Nossa equipe apaixonada est\u00e1 comprometida em entender as nuances e a ess\u00eancia de cada evento, trabalhando lado a lado com nossos clientes para criar uma trilha sonora personalizada que ressoa com a atmosfera e o prop\u00f3sito da celebra\u00e7\u00e3o. Desde casamentos emocionantes at\u00e9 festas corporativas vibrantes, estamos aqui para tornar seus sonhos musicais uma realidade.<\/p>\n\n\n\n<p class=\"has-theme-palette-9-color has-text-color has-link-color wp-elements-192f022a143ea78f9f15a741bd137189\">Cada acorde \u00e9 cuidadosamente selecionado para refletir o estilo e a personalidade do seu evento, garantindo que cada momento seja enriquecido pela magia da m\u00fasica. N\u00e3o importa o tamanho ou a natureza da sua celebra\u00e7\u00e3o, estamos prontos para ser a trilha sonora de sua hist\u00f3ria. Entre em contato conosco hoje e descubra como podemos tornar seu evento verdadeiramente inesquec\u00edvel.<\/p>\n<\/div><\/div>\n\n<\/div><\/div>\n\n<style>.kb-row-layout-id768_d637fc-53 > .kt-row-column-wrap{align-content:center;}:where(.kb-row-layout-id768_d637fc-53 > .kt-row-column-wrap) > .wp-block-kadence-column{justify-content:center;}.kb-row-layout-id768_d637fc-53 > .kt-row-column-wrap{column-gap:var(--global-kb-gap-none, 0rem );row-gap:var(--global-kb-gap-md, 2rem);max-width:var( --global-content-width, 1290px );padding-left:var(--global-content-edge-padding);padding-right:var(--global-content-edge-padding);padding-top:var(--global-kb-spacing-xxl, 5rem);padding-bottom:var(--global-kb-spacing-xxl, 5rem);grid-template-columns:repeat(2, minmax(0, 1fr));}.kb-row-layout-id768_d637fc-53 > .kt-row-layout-overlay{opacity:0.30;}@media all and (max-width: 1024px){.kb-row-layout-id768_d637fc-53 > .kt-row-column-wrap{grid-template-columns:minmax(0, 1fr);}}@media all and (max-width: 767px){.kb-row-layout-id768_d637fc-53 > .kt-row-column-wrap{grid-template-columns:minmax(0, 1fr);}}<\/style><div class=\"kb-row-layout-wrap kb-row-layout-id768_d637fc-53 alignfull has-theme-palette4-background-color kt-row-has-bg wp-block-kadence-rowlayout\"><div class=\"kt-row-column-wrap kt-has-2-columns kt-row-layout-equal kt-tab-layout-row kt-mobile-layout-row kt-row-valign-middle kb-theme-content-width\">\n<style>.kadence-column768_9d5406-8f > .kt-inside-inner-col,.kadence-column768_9d5406-8f > .kt-inside-inner-col:before{border-top-left-radius:0px;border-top-right-radius:0px;border-bottom-right-radius:0px;border-bottom-left-radius:0px;}.kadence-column768_9d5406-8f > .kt-inside-inner-col{column-gap:var(--global-kb-gap-sm, 1rem);}.kadence-column768_9d5406-8f > .kt-inside-inner-col{flex-direction:column;}.kadence-column768_9d5406-8f > .kt-inside-inner-col > .aligncenter{width:100%;}.kadence-column768_9d5406-8f > .kt-inside-inner-col:before{opacity:0.3;}.kadence-column768_9d5406-8f{position:relative;}.kadence-column768_9d5406-8f, .kt-inside-inner-col > .kadence-column768_9d5406-8f:not(.specificity){margin-right:var(--global-kb-spacing-xxl, 5rem);}@media all and (max-width: 1024px){.kadence-column768_9d5406-8f > .kt-inside-inner-col{padding-right:var(--global-kb-spacing-3xl, 6.5rem);padding-left:var(--global-kb-spacing-3xl, 6.5rem);flex-direction:column;justify-content:center;}}@media all and (max-width: 1024px){.kadence-column768_9d5406-8f, .kt-inside-inner-col > .kadence-column768_9d5406-8f:not(.specificity){margin-right:0px;margin-bottom:var(--global-kb-spacing-md, 2rem);}}@media all and (max-width: 767px){.kadence-column768_9d5406-8f > .kt-inside-inner-col{padding-right:var(--global-kb-spacing-xxs, 0.5rem);padding-left:var(--global-kb-spacing-xxs, 0.5rem);flex-direction:column;justify-content:center;}}<\/style>\n<div class=\"wp-block-kadence-column kadence-column768_9d5406-8f inner-column-1\"><div class=\"kt-inside-inner-col\"><style>.wp-block-kadence-advancedheading.kt-adv-heading768_7dac0c-c2, .wp-block-kadence-advancedheading.kt-adv-heading768_7dac0c-c2[data-kb-block=\"kb-adv-heading768_7dac0c-c2\"]{margin-top:0px;margin-bottom:var(--global-kb-spacing-sm, 1.5rem);line-height:1.1;font-weight:500;font-style:normal;}.wp-block-kadence-advancedheading.kt-adv-heading768_7dac0c-c2 mark.kt-highlight, .wp-block-kadence-advancedheading.kt-adv-heading768_7dac0c-c2[data-kb-block=\"kb-adv-heading768_7dac0c-c2\"] mark.kt-highlight{font-style:normal;color:#f76a0c;-webkit-box-decoration-break:clone;box-decoration-break:clone;padding-top:0px;padding-right:0px;padding-bottom:0px;padding-left:0px;}.wp-block-kadence-advancedheading.kt-adv-heading768_7dac0c-c2 img.kb-inline-image, .wp-block-kadence-advancedheading.kt-adv-heading768_7dac0c-c2[data-kb-block=\"kb-adv-heading768_7dac0c-c2\"] img.kb-inline-image{width:150px;vertical-align:baseline;}<\/style>\n<div class=\"kt-adv-heading768_7dac0c-c2 wp-block-kadence-advancedheading has-theme-palette-1-color has-text-color\" data-kb-block=\"kb-adv-heading768_7dac0c-c2\">O que \u00e9 a FLOW Music Eventos<\/div>\n\n\n<style>.wp-block-kadence-advancedheading.kt-adv-heading768_48e3df-60, .wp-block-kadence-advancedheading.kt-adv-heading768_48e3df-60[data-kb-block=\"kb-adv-heading768_48e3df-60\"]{margin-top:0px;margin-bottom:var(--global-kb-spacing-sm, 1.5rem);font-size:var(--global-kb-font-size-lg, 2rem);line-height:1.3;font-style:normal;text-transform:none;}.wp-block-kadence-advancedheading.kt-adv-heading768_48e3df-60 mark.kt-highlight, .wp-block-kadence-advancedheading.kt-adv-heading768_48e3df-60[data-kb-block=\"kb-adv-heading768_48e3df-60\"] mark.kt-highlight{font-style:normal;color:#f76a0c;-webkit-box-decoration-break:clone;box-decoration-break:clone;padding-top:0px;padding-right:0px;padding-bottom:0px;padding-left:0px;}.wp-block-kadence-advancedheading.kt-adv-heading768_48e3df-60 img.kb-inline-image, .wp-block-kadence-advancedheading.kt-adv-heading768_48e3df-60[data-kb-block=\"kb-adv-heading768_48e3df-60\"] img.kb-inline-image{width:150px;vertical-align:baseline;}<\/style>\n<h3 class=\"kt-adv-heading768_48e3df-60 wp-block-kadence-advancedheading has-theme-palette-9-color has-text-color\" data-kb-block=\"kb-adv-heading768_48e3df-60\">Uma jornada musical \u00fanica para o seu evento!<\/h3>\n\n\n\n<p class=\"has-theme-palette-9-color has-text-color has-link-color wp-elements-cc1b864f511a7b00dc127a715df216eb\">Mergulhamos no universo sonoro para transformar cada evento em uma experi\u00eancia verdadeiramente inesquec\u00edvel. Com uma paleta diversificada que abrange desde jazz suave at\u00e9 batidas eletrizantes de rock, oferecemos uma sele\u00e7\u00e3o de op\u00e7\u00f5es musicais para atender a todos os gostos e ocasi\u00f5es.<\/p>\n\n\n\n<p class=\"has-theme-palette-9-color has-text-color has-link-color wp-elements-38efa141bb63586a6753aba7f0b56d17\">Nossa equipe apaixonada est\u00e1 comprometida em entender as nuances e a ess\u00eancia de cada evento, trabalhando lado a lado com nossos clientes para criar uma trilha sonora personalizada que ressoa com a atmosfera e o prop\u00f3sito da celebra\u00e7\u00e3o. Desde casamentos emocionantes at\u00e9 festas corporativas vibrantes, estamos aqui para tornar seus sonhos musicais uma realidade.<\/p>\n\n\n\n<p class=\"has-theme-palette-9-color has-text-color has-link-color wp-elements-192f022a143ea78f9f15a741bd137189\">Cada acorde \u00e9 cuidadosamente selecionado para refletir o estilo e a personalidade do seu evento, garantindo que cada momento seja enriquecido pela magia da m\u00fasica. N\u00e3o importa o tamanho ou a natureza da sua celebra\u00e7\u00e3o, estamos prontos para ser a trilha sonora de sua hist\u00f3ria. Entre em contato conosco hoje e descubra como podemos tornar seu evento verdadeiramente inesquec\u00edvel.<\/p>\n<\/div><\/div>\n\n\n<style>.kadence-column768_fdce27-21 > .kt-inside-inner-col,.kadence-column768_fdce27-21 > .kt-inside-inner-col:before{border-top-left-radius:0px;border-top-right-radius:0px;border-bottom-right-radius:0px;border-bottom-left-radius:0px;}.kadence-column768_fdce27-21 > .kt-inside-inner-col{column-gap:var(--global-kb-gap-sm, 1rem);}.kadence-column768_fdce27-21 > .kt-inside-inner-col{flex-direction:column;}.kadence-column768_fdce27-21 > .kt-inside-inner-col > .aligncenter{width:100%;}.kadence-column768_fdce27-21 > .kt-inside-inner-col:before{opacity:0.3;}.kadence-column768_fdce27-21{position:relative;}.kadence-column768_fdce27-21, .kt-inside-inner-col > .kadence-column768_fdce27-21:not(.specificity){margin-top:0px;margin-right:0px;margin-bottom:0px;margin-left:0px;}@media all and (max-width: 1024px){.kadence-column768_fdce27-21 > .kt-inside-inner-col{padding-right:var(--global-kb-spacing-xs, 1rem);padding-left:var(--global-kb-spacing-xs, 1rem);flex-direction:column;justify-content:center;}}@media all and (max-width: 767px){.kadence-column768_fdce27-21 > .kt-inside-inner-col{padding-right:var(--global-kb-spacing-xxs, 0.5rem);padding-left:var(--global-kb-spacing-xxs, 0.5rem);flex-direction:column;justify-content:center;}}<\/style>\n<div class=\"wp-block-kadence-column kadence-column768_fdce27-21 inner-column-2\"><div class=\"kt-inside-inner-col\"><style>.kb-image768_59e367-2c .kb-image-has-overlay:after{opacity:0.3;}<\/style>\n<figure class=\"wp-block-kadence-image kb-image768_59e367-2c size-large kb-image-is-ratio-size\"><div class=\"kb-is-ratio-image kb-image-ratio-square\"><img loading=\"lazy\" decoding=\"async\" width=\"1024\" height=\"897\" src=\"https:\/\/raonio.com.br\/flowmusic\/wp-content\/uploads\/2024\/03\/VIN08830-1-1024x897.jpg\" alt=\"\" class=\"kb-img wp-image-1768\" srcset=\"https:\/\/raonio.com.br\/flowmusic\/wp-content\/uploads\/2024\/03\/VIN08830-1-1024x897.jpg 1024w, https:\/\/raonio.com.br\/flowmusic\/wp-content\/uploads\/2024\/03\/VIN08830-1-300x263.jpg 300w, https:\/\/raonio.com.br\/flowmusic\/wp-content\/uploads\/2024\/03\/VIN08830-1-768x672.jpg 768w, https:\/\/raonio.com.br\/flowmusic\/wp-content\/uploads\/2024\/03\/VIN08830-1-1536x1345.jpg 1536w, https:\/\/raonio.com.br\/flowmusic\/wp-content\/uploads\/2024\/03\/VIN08830-1-2048x1793.jpg 2048w\" sizes=\"auto, (max-width: 1024px) 100vw, 1024px\" \/><\/div><\/figure>\n<\/div><\/div>\n\n<\/div><\/div>","protected":false},"excerpt":{"rendered":"<p>O que \u00e9 a FLOW Music Eventos Uma jornada musical \u00fanica para o seu evento! Mergulhamos no universo sonoro para transformar cada evento em uma experi\u00eancia verdadeiramente inesquec\u00edvel. Com uma&#8230;<\/p>\n","protected":false},"author":1,"featured_media":0,"parent":0,"menu_order":0,"comment_status":"closed","ping_status":"closed","template":"","meta":{"_EventAllDay":false,"_EventTimezone":"","_EventStartDate":"","_EventEndDate":"","_EventStartDateUTC":"","_EventEndDateUTC":"","_EventShowMap":false,"_EventShowMapLink":false,"_EventURL":"","_EventCost":"","_EventCostDescription":"","_EventCurrencySymbol":"","_EventCurrencyCode":"","_EventCurrencyPosition":"","_EventDateTimeSeparator":"","_EventTimeRangeSeparator":"","_EventOrganizerID":[],"_EventVenueID":[],"_OrganizerEmail":"","_OrganizerPhone":"","_OrganizerWebsite":"","_VenueAddress":"","_VenueCity":"","_VenueCountry":"","_VenueProvince":"","_VenueState":"","_VenueZip":"","_VenuePhone":"","_VenueURL":"","_VenueStateProvince":"","_VenueLat":"","_VenueLng":"","_VenueShowMap":false,"_VenueShowMapLink":false,"_kadence_starter_templates_imported_post":true,"_kad_post_transparent":"","_kad_post_title":"hide","_kad_post_layout":"fullwidth","_kad_post_sidebar_id":"","_kad_post_content_style":"unboxed","_kad_post_vertical_padding":"hide","_kad_post_feature":"hide","_kad_post_feature_position":"","_kad_post_header":false,"_kad_post_footer":false,"_kad_post_classname":"","footnotes":""},"class_list":["post-768","page","type-page","status-publish","hentry"],"_links":{"self":[{"href":"https:\/\/raonio.com.br\/flowmusic\/wp-json\/wp\/v2\/pages\/768","targetHints":{"allow":["GET"]}}],"collection":[{"href":"https:\/\/raonio.com.br\/flowmusic\/wp-json\/wp\/v2\/pages"}],"about":[{"href":"https:\/\/raonio.com.br\/flowmusic\/wp-json\/wp\/v2\/types\/page"}],"author":[{"embeddable":true,"href":"https:\/\/raonio.com.br\/flowmusic\/wp-json\/wp\/v2\/users\/1"}],"replies":[{"embeddable":true,"href":"https:\/\/raonio.com.br\/flowmusic\/wp-json\/wp\/v2\/comments?post=768"}],"version-history":[{"count":27,"href":"https:\/\/raonio.com.br\/flowmusic\/wp-json\/wp\/v2\/pages\/768\/revisions"}],"predecessor-version":[{"id":1770,"href":"https:\/\/raonio.com.br\/flowmusic\/wp-json\/wp\/v2\/pages\/768\/revisions\/1770"}],"wp:attachment":[{"href":"https:\/\/raonio.com.br\/flowmusic\/wp-json\/wp\/v2\/media?parent=768"}],"curies":[{"name":"wp","href":"https:\/\/api.w.org\/{rel}","templated":true}]}}